{"id":210,"date":"2020-05-10T19:39:17","date_gmt":"2020-05-10T19:39:17","guid":{"rendered":"https:\/\/i2o.bdb.myftpupload.com\/?page_id=28"},"modified":"2025-05-14T08:44:03","modified_gmt":"2025-05-14T08:44:03","slug":"fersah-otomasyon","status":"publish","type":"page","link":"https:\/\/fersahotomasyon.com.tr\/?page_id=210","title":{"rendered":"\u0130LET\u0130\u015e\u0130M"},"content":{"rendered":"\t\t<div data-elementor-type=\"wp-page\" data-elementor-id=\"210\" class=\"elementor elementor-210\">\n\t\t\t\t\t\t<section class=\"elementor-section elementor-top-section elementor-element elementor-element-8ec6976 elementor-section-boxed elementor-section-height-default elementor-section-height-default\" data-id=\"8ec6976\" data-element_type=\"section\">\n\t\t\t\t\t\t<div class=\"elementor-container elementor-column-gap-default\">\n\t\t\t\t\t<div class=\"elementor-column elementor-col-100 elementor-top-column elementor-element elementor-element-6c5b3cc1\" data-id=\"6c5b3cc1\" data-element_type=\"column\">\n\t\t\t<div class=\"elementor-widget-wrap elementor-element-populated\">\n\t\t\t\t\t\t<div class=\"elementor-element elementor-element-469affe3 elementor-widget elementor-widget-text-editor\" data-id=\"469affe3\" data-element_type=\"widget\" data-widget_type=\"text-editor.default\">\n\t\t\t\t<div class=\"elementor-widget-container\">\n\t\t\t\t\t\t\t\t\t<p>e mail: info@fersahotomasyon.com.tr<\/p>\n<p>e mail: erdalkarahasanoglu@gmail.com<\/p>\n<p>Tel : 05357760764<\/p>\n<p><!-- \/wp:paragraph --><\/p>\t\t\t\t\t\t\t\t<\/div>\n\t\t\t\t<\/div>\n\t\t\t\t\t<\/div>\n\t\t<\/div>\n\t\t\t\t\t<\/div>\n\t\t<\/section>\n\t\t\t\t<section class=\"elementor-section elementor-top-section elementor-element elementor-element-c368a76 elementor-section-boxed elementor-section-height-default elementor-section-height-default\" data-id=\"c368a76\" data-element_type=\"section\">\n\t\t\t\t\t\t<div class=\"elementor-container elementor-column-gap-default\">\n\t\t\t\t\t<div class=\"elementor-column elementor-col-100 elementor-top-column elementor-element elementor-element-cfe7bb2\" data-id=\"cfe7bb2\" data-element_type=\"column\">\n\t\t\t<div class=\"elementor-widget-wrap elementor-element-populated\">\n\t\t\t\t\t\t<div class=\"elementor-element elementor-element-6c18dec elementor-widget elementor-widget-google_maps\" data-id=\"6c18dec\" data-element_type=\"widget\" data-widget_type=\"google_maps.default\">\n\t\t\t\t<div class=\"elementor-widget-container\">\n\t\t\t\t\t\t\t<div class=\"elementor-custom-embed\">\n\t\t\t<iframe loading=\"lazy\"\n\t\t\t\t\tsrc=\"https:\/\/maps.google.com\/maps?q=fersah%20ostim&#038;t=m&#038;z=10&#038;output=embed&#038;iwloc=near\"\n\t\t\t\t\ttitle=\"fersah ostim\"\n\t\t\t\t\taria-label=\"fersah ostim\"\n\t\t\t><\/iframe>\n\t\t<\/div>\n\t\t\t\t\t\t<\/div>\n\t\t\t\t<\/div>\n\t\t\t\t\t<\/div>\n\t\t<\/div>\n\t\t\t\t\t<\/div>\n\t\t<\/section>\n\t\t\t\t<\/div>\n\t\t","protected":false},"excerpt":{"rendered":"<p>e mail: info@fersahotomasyon.com.tr e mail: erdalkarahasanoglu@gmail.com Tel : 05357760764<\/p>\n","protected":false},"author":1,"featured_media":0,"parent":0,"menu_order":0,"comment_status":"open","ping_status":"closed","template":"","meta":{"footnotes":""},"class_list":["post-210","page","type-page","status-publish","hentry"],"yoast_head":"<!-- This site is optimized with the Yoast SEO plugin v25.1 - https:\/\/yoast.com\/wordpress\/plugins\/seo\/ -->\n<title>\u0130LET\u0130\u015e\u0130M - FERSAH OTOMASYON<\/title>\n<meta name=\"robots\" content=\"index, follow, max-snippet:-1, max-image-preview:large, max-video-preview:-1\" \/>\n<link rel=\"canonical\" href=\"https:\/\/fersahotomasyon.com.tr\/?page_id=210\" \/>\n<meta property=\"og:locale\" content=\"tr_TR\" \/>\n<meta property=\"og:type\" content=\"article\" \/>\n<meta property=\"og:title\" content=\"\u0130LET\u0130\u015e\u0130M - FERSAH OTOMASYON\" \/>\n<meta property=\"og:description\" content=\"e mail: info@fersahotomasyon.com.tr e mail: erdalkarahasanoglu@gmail.com Tel : 05357760764\" \/>\n<meta property=\"og:url\" content=\"https:\/\/fersahotomasyon.com.tr\/?page_id=210\" \/>\n<meta property=\"og:site_name\" content=\"FERSAH OTOMASYON\" \/>\n<meta property=\"article:modified_time\" content=\"2025-05-14T08:44:03+00:00\" \/>\n<meta name=\"twitter:card\" content=\"summary_large_image\" \/>\n<meta name=\"twitter:label1\" content=\"Tahmini okuma s\u00fcresi\" \/>\n\t<meta name=\"twitter:data1\" content=\"1 dakika\" \/>\n<script type=\"application\/ld+json\" class=\"yoast-schema-graph\">{\"@context\":\"https:\/\/schema.org\",\"@graph\":[{\"@type\":\"WebPage\",\"@id\":\"https:\/\/fersahotomasyon.com.tr\/?page_id=210\",\"url\":\"https:\/\/fersahotomasyon.com.tr\/?page_id=210\",\"name\":\"\u0130LET\u0130\u015e\u0130M - FERSAH OTOMASYON\",\"isPartOf\":{\"@id\":\"https:\/\/fersahotomasyon.com.tr\/#website\"},\"datePublished\":\"2020-05-10T19:39:17+00:00\",\"dateModified\":\"2025-05-14T08:44:03+00:00\",\"breadcrumb\":{\"@id\":\"https:\/\/fersahotomasyon.com.tr\/?page_id=210#breadcrumb\"},\"inLanguage\":\"tr\",\"potentialAction\":[{\"@type\":\"ReadAction\",\"target\":[\"https:\/\/fersahotomasyon.com.tr\/?page_id=210\"]}]},{\"@type\":\"BreadcrumbList\",\"@id\":\"https:\/\/fersahotomasyon.com.tr\/?page_id=210#breadcrumb\",\"itemListElement\":[{\"@type\":\"ListItem\",\"position\":1,\"name\":\"Home\",\"item\":\"https:\/\/fersahotomasyon.com.tr\/\"},{\"@type\":\"ListItem\",\"position\":2,\"name\":\"\u0130LET\u0130\u015e\u0130M\"}]},{\"@type\":\"WebSite\",\"@id\":\"https:\/\/fersahotomasyon.com.tr\/#website\",\"url\":\"https:\/\/fersahotomasyon.com.tr\/\",\"name\":\"FERSAH OTOMASYON\",\"description\":\"PLC SCADA\",\"publisher\":{\"@id\":\"https:\/\/fersahotomasyon.com.tr\/#organization\"},\"potentialAction\":[{\"@type\":\"SearchAction\",\"target\":{\"@type\":\"EntryPoint\",\"urlTemplate\":\"https:\/\/fersahotomasyon.com.tr\/?s={search_term_string}\"},\"query-input\":{\"@type\":\"PropertyValueSpecification\",\"valueRequired\":true,\"valueName\":\"search_term_string\"}}],\"inLanguage\":\"tr\"},{\"@type\":\"Organization\",\"@id\":\"https:\/\/fersahotomasyon.com.tr\/#organization\",\"name\":\"FERSAH OTOMASYON\",\"url\":\"https:\/\/fersahotomasyon.com.tr\/\",\"logo\":{\"@type\":\"ImageObject\",\"inLanguage\":\"tr\",\"@id\":\"https:\/\/fersahotomasyon.com.tr\/#\/schema\/logo\/image\/\",\"url\":\"https:\/\/fersahotomasyon.com.tr\/wp-content\/uploads\/2025\/05\/cropped-1ab5f-logo-1-2.png\",\"contentUrl\":\"https:\/\/fersahotomasyon.com.tr\/wp-content\/uploads\/2025\/05\/cropped-1ab5f-logo-1-2.png\",\"width\":50,\"height\":51,\"caption\":\"FERSAH OTOMASYON\"},\"image\":{\"@id\":\"https:\/\/fersahotomasyon.com.tr\/#\/schema\/logo\/image\/\"}}]}<\/script>\n<!-- \/ Yoast SEO plugin. -->","yoast_head_json":{"title":"\u0130LET\u0130\u015e\u0130M - FERSAH OTOMASYON","robots":{"index":"index","follow":"follow","max-snippet":"max-snippet:-1","max-image-preview":"max-image-preview:large","max-video-preview":"max-video-preview:-1"},"canonical":"https:\/\/fersahotomasyon.com.tr\/?page_id=210","og_locale":"tr_TR","og_type":"article","og_title":"\u0130LET\u0130\u015e\u0130M - FERSAH OTOMASYON","og_description":"e mail: info@fersahotomasyon.com.tr e mail: erdalkarahasanoglu@gmail.com Tel : 05357760764","og_url":"https:\/\/fersahotomasyon.com.tr\/?page_id=210","og_site_name":"FERSAH OTOMASYON","article_modified_time":"2025-05-14T08:44:03+00:00","twitter_card":"summary_large_image","twitter_misc":{"Tahmini okuma s\u00fcresi":"1 dakika"},"schema":{"@context":"https:\/\/schema.org","@graph":[{"@type":"WebPage","@id":"https:\/\/fersahotomasyon.com.tr\/?page_id=210","url":"https:\/\/fersahotomasyon.com.tr\/?page_id=210","name":"\u0130LET\u0130\u015e\u0130M - FERSAH OTOMASYON","isPartOf":{"@id":"https:\/\/fersahotomasyon.com.tr\/#website"},"datePublished":"2020-05-10T19:39:17+00:00","dateModified":"2025-05-14T08:44:03+00:00","breadcrumb":{"@id":"https:\/\/fersahotomasyon.com.tr\/?page_id=210#breadcrumb"},"inLanguage":"tr","potentialAction":[{"@type":"ReadAction","target":["https:\/\/fersahotomasyon.com.tr\/?page_id=210"]}]},{"@type":"BreadcrumbList","@id":"https:\/\/fersahotomasyon.com.tr\/?page_id=210#breadcrumb","itemListElement":[{"@type":"ListItem","position":1,"name":"Home","item":"https:\/\/fersahotomasyon.com.tr\/"},{"@type":"ListItem","position":2,"name":"\u0130LET\u0130\u015e\u0130M"}]},{"@type":"WebSite","@id":"https:\/\/fersahotomasyon.com.tr\/#website","url":"https:\/\/fersahotomasyon.com.tr\/","name":"FERSAH OTOMASYON","description":"PLC SCADA","publisher":{"@id":"https:\/\/fersahotomasyon.com.tr\/#organization"},"potentialAction":[{"@type":"SearchAction","target":{"@type":"EntryPoint","urlTemplate":"https:\/\/fersahotomasyon.com.tr\/?s={search_term_string}"},"query-input":{"@type":"PropertyValueSpecification","valueRequired":true,"valueName":"search_term_string"}}],"inLanguage":"tr"},{"@type":"Organization","@id":"https:\/\/fersahotomasyon.com.tr\/#organization","name":"FERSAH OTOMASYON","url":"https:\/\/fersahotomasyon.com.tr\/","logo":{"@type":"ImageObject","inLanguage":"tr","@id":"https:\/\/fersahotomasyon.com.tr\/#\/schema\/logo\/image\/","url":"https:\/\/fersahotomasyon.com.tr\/wp-content\/uploads\/2025\/05\/cropped-1ab5f-logo-1-2.png","contentUrl":"https:\/\/fersahotomasyon.com.tr\/wp-content\/uploads\/2025\/05\/cropped-1ab5f-logo-1-2.png","width":50,"height":51,"caption":"FERSAH OTOMASYON"},"image":{"@id":"https:\/\/fersahotomasyon.com.tr\/#\/schema\/logo\/image\/"}}]}},"jetpack_sharing_enabled":true,"_links":{"self":[{"href":"https:\/\/fersahotomasyon.com.tr\/index.php?rest_route=\/wp\/v2\/pages\/210","targetHints":{"allow":["GET"]}}],"collection":[{"href":"https:\/\/fersahotomasyon.com.tr\/index.php?rest_route=\/wp\/v2\/pages"}],"about":[{"href":"https:\/\/fersahotomasyon.com.tr\/index.php?rest_route=\/wp\/v2\/types\/page"}],"author":[{"embeddable":true,"href":"https:\/\/fersahotomasyon.com.tr\/index.php?rest_route=\/wp\/v2\/users\/1"}],"replies":[{"embeddable":true,"href":"https:\/\/fersahotomasyon.com.tr\/index.php?rest_route=%2Fwp%2Fv2%2Fcomments&post=210"}],"version-history":[{"count":3,"href":"https:\/\/fersahotomasyon.com.tr\/index.php?rest_route=\/wp\/v2\/pages\/210\/revisions"}],"predecessor-version":[{"id":612,"href":"https:\/\/fersahotomasyon.com.tr\/index.php?rest_route=\/wp\/v2\/pages\/210\/revisions\/612"}],"wp:attachment":[{"href":"https:\/\/fersahotomasyon.com.tr\/index.php?rest_route=%2Fwp%2Fv2%2Fmedia&parent=210"}],"curies":[{"name":"wp","href":"https:\/\/api.w.org\/{rel}","templated":true}]}}